{"id":25,"date":"2024-09-20T18:25:00","date_gmt":"2024-09-20T16:25:00","guid":{"rendered":"https:\/\/bullcotton.com\/?page_id=25"},"modified":"2024-09-24T06:51:52","modified_gmt":"2024-09-24T04:51:52","slug":"politica-de-cambios-y-o-devoluciones","status":"publish","type":"page","link":"https:\/\/bullcotton.com\/en\/politica-de-cambios-y-o-devoluciones\/","title":{"rendered":"Pol\u00edtica de Cambios y\/o Devoluciones"},"content":{"rendered":"<div data-elementor-type=\"wp-page\" data-elementor-id=\"25\" class=\"elementor elementor-25\">\n\t\t\t\t<div class=\"elementor-element elementor-element-56613f5 e-flex e-con-boxed e-con e-parent\" data-id=\"56613f5\" data-element_type=\"container\">\n\t\t\t\t\t<div class=\"e-con-inner\">\n\t\t\t\t<div class=\"elementor-element elementor-element-0d83d52 elementor-widget elementor-widget-text-editor\" data-id=\"0d83d52\" data-element_type=\"widget\" data-widget_type=\"text-editor.default\">\n\t\t\t\t<div class=\"elementor-widget-container\">\n\t\t\t<style>\/*! elementor - v3.23.0 - 05-08-2024 *\/\n.elementor-widget-text-editor.elementor-drop-cap-view-stacked .elementor-drop-cap{background-color:#69727d;color:#fff}.elementor-widget-text-editor.elementor-drop-cap-view-framed .elementor-drop-cap{color:#69727d;border:3px solid;background-color:transparent}.elementor-widget-text-editor:not(.elementor-drop-cap-view-default) .elementor-drop-cap{margin-top:8px}.elementor-widget-text-editor:not(.elementor-drop-cap-view-default) .elementor-drop-cap-letter{width:1em;height:1em}.elementor-widget-text-editor .elementor-drop-cap{float:left;text-align:center;line-height:1;font-size:50px}.elementor-widget-text-editor .elementor-drop-cap-letter{display:inline-block}<\/style>\t\t\t\t<p style=\"text-align: center;\"><span style=\"text-decoration: underline; color: #eb5959;\"><a style=\"color: #eb5959; text-decoration: underline;\" href=\"https:\/\/bullcotton.com\/en\/\">Volver al inicio<\/a><\/span><\/p>\t\t\t\t\t\t<\/div>\n\t\t\t\t<\/div>\n\t\t\t\t\t<\/div>\n\t\t\t\t<\/div>\n\t\t<div class=\"elementor-element elementor-element-3dab73ac e-flex e-con-boxed e-con e-parent\" data-id=\"3dab73ac\" data-element_type=\"container\">\n\t\t\t\t\t<div class=\"e-con-inner\">\n\t\t\t\t<div class=\"elementor-element elementor-element-39d5f21 elementor-widget elementor-widget-text-editor\" data-id=\"39d5f21\" data-element_type=\"widget\" data-widget_type=\"text-editor.default\">\n\t\t\t\t<div class=\"elementor-widget-container\">\n\t\t\t\t\t\t\t<!-- wp:paragraph --><!-- \/wp:paragraph --><!-- wp:heading -->\n<h1 class=\"wp-block-heading\" style=\"text-align: center;\">Pol\u00edtica para Cambios y\/o Devoluciones<\/h1>\n<!-- \/wp:heading --><!-- wp:paragraph --><!-- \/wp:paragraph --><!-- wp:paragraph -->\n<p><strong>BULL COTTON PERU<\/strong> se compromete en ofrecer una satisfacci\u00f3n garantizada en todas las compras de sus usuarios, por ello se realizar\u00e1 el Cambio o Devoluci\u00f3n de producto solo en caso de que los productos est\u00e9n defectuosos o el mismo no te haya agradado.<\/p>\n<p>Todas las solicitudes ser\u00e1n recibidas y atendidas por nuestro equipo de Servicio al Cliente a trav\u00e9s de nuestro correo <span style=\"color: #ff0000;\">info@bullcotton.com<\/span><\/p>\n<p>Si no est\u00e1s totalmente satisfecho, aceptamos cambios y devoluciones hasta treinta (30) d\u00edas despu\u00e9s de realizada la compra. Pasado ese tiempo ya no se podr\u00e1 hacer cambio alguno. Solo te pedimos que devuelvas los productos sin se\u00f1ales de haber sido usados, lavados, modificados ni da\u00f1ados (ejemplo: manchas, cortes, olores, etc.)<br \/><br \/><span style=\"color: #ff0000;\"><strong>Para solicitar un Cambio:<\/strong><\/span><br \/>Aplica solo para cambio de talla, color y\/o defectos de f\u00e1brica Env\u00eda un correo a <strong>info@bullcotton.com,<\/strong> colocando <span style=\"color: #ff0000;\">CAMBIO<\/span> en el Asunto. Incluye la siguiente informaci\u00f3n:<\/p>\n<ul>\n<li>Nombres y apellidos<\/li>\n<li>N\u00famero de pedido<\/li>\n<li>DNI, RUC, Carn\u00e9 de Extranjer\u00eda o Pasaporte<\/li>\n<li>N\u00famero de celular<\/li>\n<li>Motivo de cambio (ejemplo: no es el color que ped\u00ed; no me queda, necesito una talla m\u00e1s grande; etc)<\/li>\n<li>Producto que se devuelve (Modelo | Talla | Color)<\/li>\n<li>Producto que se quiere (Modelo | Talla | Color)<\/li>\n<\/ul>\n<p><strong><span style=\"color: #ff0000;\">Para solicitar una Devoluci\u00f3n:<\/span><\/strong><\/p>\n<p>Env\u00eda un correo a <span style=\"color: #ff0000;\">info@bullcotton.com,<\/span> colocando <span style=\"color: #ff0000;\">DEVOLUCI\u00d3N<\/span> en el Asunto. Incluye la siguiente informaci\u00f3n:<\/p>\n<ul>\n<li>Nombres y apellidos<\/li>\n<li>N\u00famero de pedido<\/li>\n<li>DNI, RUC, Carn\u00e9 de Extranjer\u00eda o Pasaporte<\/li>\n<li>N\u00famero de celular<\/li>\n<li>Motivo de devoluci\u00f3n<\/li>\n<li>Producto que se devuelve (Modelo | Talla | Color)<\/li>\n<\/ul>\n<p><span style=\"color: #ff0000;\"><em><strong>Debes saber que:<\/strong><\/em> <\/span>Una vez validados los datos, se coordinar\u00e1 el recojo y se verificar\u00e1 en persona si el producto se encuentra en perfecto estado. Con esta verificaci\u00f3n, se aprobar\u00e1 y efectuar\u00e1 la devoluci\u00f3n y\/o cambio de producto.<\/p>\n<p>Al momento de realizar el cambio, el cliente presentar\u00e1 la boleta respectiva y deber\u00e1 abonar la suma de S\/10 soles como \u00fanico pago por concepto movilidad para Lima Metropolitana y Callao. S\/15 para Provincia.<\/p>\n<p>El pago por concepto de movilidad por cambio de producto se har\u00e1 a trav\u00e9s de Yape, Plin, Transferencias bancarias previa coordinaci\u00f3n.<\/p>\n<p>Los reembolsos por devoluci\u00f3n se realizar\u00e1n dentro de las 24 horas posteriores a la aprobaci\u00f3n de la devoluci\u00f3n.<\/p>\n<p>Para los reembolsos solo se abonaran a trav\u00e9s de Yape, Plin o Transferencias Bancarias.<\/p>\n<p>La Empresa<\/p>\n<!-- \/wp:paragraph --><!-- wp:paragraph --><!-- \/wp:paragraph -->\t\t\t\t\t\t<\/div>\n\t\t\t\t<\/div>\n\t\t\t\t\t<\/div>\n\t\t\t\t<\/div>\n\t\t\t\t<\/div>","protected":false},"excerpt":{"rendered":"<p>Volver al inicio Pol\u00edtica para Cambios y\/o Devoluciones BULL COTTON PERU se compromete en ofrecer una satisfacci\u00f3n garantizada en todas las compras de sus usuarios, por ello se realizar\u00e1 el Cambio o Devoluci\u00f3n de producto solo en caso de que los productos est\u00e9n defectuosos o el mismo no te haya agradado. Todas las solicitudes ser\u00e1n [&hellip;]<\/p>\n","protected":false},"author":1,"featured_media":0,"parent":0,"menu_order":0,"comment_status":"closed","ping_status":"closed","template":"","meta":{"_uag_custom_page_level_css":"","site-sidebar-layout":"default","site-content-layout":"","ast-site-content-layout":"default","site-content-style":"default","site-sidebar-style":"default","ast-global-header-display":"","ast-banner-title-visibility":"","ast-main-header-display":"","ast-hfb-above-header-display":"","ast-hfb-below-header-display":"","ast-hfb-mobile-header-display":"","site-post-title":"","ast-breadcrumbs-content":"","ast-featured-img":"","footer-sml-layout":"","theme-transparent-header-meta":"","adv-header-id-meta":"","stick-header-meta":"","header-above-stick-meta":"","header-main-stick-meta":"","header-below-stick-meta":"","astra-migrate-meta-layouts":"set","ast-page-background-enabled":"default","ast-page-background-meta":{"desktop":{"background-color":"","background-image":"","background-repeat":"repeat","background-position":"center center","background-size":"auto","background-attachment":"scroll","background-type":"","background-media":"","overlay-type":"","overlay-color":"","overlay-opacity":"","overlay-gradient":""},"tablet":{"background-color":"","background-image":"","background-repeat":"repeat","background-position":"center center","background-size":"auto","background-attachment":"scroll","background-type":"","background-media":"","overlay-type":"","overlay-color":"","overlay-opacity":"","overlay-gradient":""},"mobile":{"background-color":"","background-image":"","background-repeat":"repeat","background-position":"center center","background-size":"auto","background-attachment":"scroll","background-type":"","background-media":"","overlay-type":"","overlay-color":"","overlay-opacity":"","overlay-gradient":""}},"ast-content-background-meta":{"desktop":{"background-color":"var(--ast-global-color-5)","background-image":"","background-repeat":"repeat","background-position":"center center","background-size":"auto","background-attachment":"scroll","background-type":"","background-media":"","overlay-type":"","overlay-color":"","overlay-opacity":"","overlay-gradient":""},"tablet":{"background-color":"var(--ast-global-color-5)","background-image":"","background-repeat":"repeat","background-position":"center center","background-size":"auto","background-attachment":"scroll","background-type":"","background-media":"","overlay-type":"","overlay-color":"","overlay-opacity":"","overlay-gradient":""},"mobile":{"background-color":"var(--ast-global-color-5)","background-image":"","background-repeat":"repeat","background-position":"center center","background-size":"auto","background-attachment":"scroll","background-type":"","background-media":"","overlay-type":"","overlay-color":"","overlay-opacity":"","overlay-gradient":""}},"_joinchat":[],"footnotes":""},"class_list":["post-25","page","type-page","status-publish","hentry"],"uagb_featured_image_src":{"full":false,"thumbnail":false,"medium":false,"medium_large":false,"large":false,"1536x1536":false,"2048x2048":false,"trp-custom-language-flag":false,"mailpoet_newsletter_max":false,"woocommerce_thumbnail":false,"woocommerce_single":false,"woocommerce_gallery_thumbnail":false,"dgwt-wcas-product-suggestion":false},"uagb_author_info":{"display_name":"admin","author_link":"https:\/\/bullcotton.com\/en\/author\/admin\/"},"uagb_comment_info":0,"uagb_excerpt":"Volver al inicio Pol\u00edtica para Cambios y\/o Devoluciones BULL COTTON PERU se compromete en ofrecer una satisfacci\u00f3n garantizada en todas las compras de sus usuarios, por ello se realizar\u00e1 el Cambio o Devoluci\u00f3n de producto solo en caso de que los productos est\u00e9n defectuosos o el mismo no te haya agradado. Todas las solicitudes ser\u00e1n&hellip;","_links":{"self":[{"href":"https:\/\/bullcotton.com\/en\/wp-json\/wp\/v2\/pages\/25","targetHints":{"allow":["GET"]}}],"collection":[{"href":"https:\/\/bullcotton.com\/en\/wp-json\/wp\/v2\/pages"}],"about":[{"href":"https:\/\/bullcotton.com\/en\/wp-json\/wp\/v2\/types\/page"}],"author":[{"embeddable":true,"href":"https:\/\/bullcotton.com\/en\/wp-json\/wp\/v2\/users\/1"}],"replies":[{"embeddable":true,"href":"https:\/\/bullcotton.com\/en\/wp-json\/wp\/v2\/comments?post=25"}],"version-history":[{"count":38,"href":"https:\/\/bullcotton.com\/en\/wp-json\/wp\/v2\/pages\/25\/revisions"}],"predecessor-version":[{"id":31713,"href":"https:\/\/bullcotton.com\/en\/wp-json\/wp\/v2\/pages\/25\/revisions\/31713"}],"wp:attachment":[{"href":"https:\/\/bullcotton.com\/en\/wp-json\/wp\/v2\/media?parent=25"}],"curies":[{"name":"wp","href":"https:\/\/api.w.org\/{rel}","templated":true}]}}