{"id":31153,"date":"2024-09-20T19:32:39","date_gmt":"2024-09-20T17:32:39","guid":{"rendered":"https:\/\/bullcotton.com\/?page_id=31153"},"modified":"2024-09-24T06:42:31","modified_gmt":"2024-09-24T04:42:31","slug":"politica-de-envios","status":"publish","type":"page","link":"https:\/\/bullcotton.com\/en\/politica-de-envios\/","title":{"rendered":"Shipping Policy"},"content":{"rendered":"<div data-elementor-type=\"wp-page\" data-elementor-id=\"31153\" class=\"elementor elementor-31153\">\n\t\t\t\t<div class=\"elementor-element elementor-element-8a3b49b e-flex e-con-boxed e-con e-parent\" data-id=\"8a3b49b\" data-element_type=\"container\">\n\t\t\t\t\t<div class=\"e-con-inner\">\n\t\t\t\t<div class=\"elementor-element elementor-element-dd3727c elementor-widget elementor-widget-spacer\" data-id=\"dd3727c\" data-element_type=\"widget\" data-widget_type=\"spacer.default\">\n\t\t\t\t<div class=\"elementor-widget-container\">\n\t\t\t<style>\/*! elementor - v3.23.0 - 05-08-2024 *\/\n.elementor-column .elementor-spacer-inner{height:var(--spacer-size)}.e-con{--container-widget-width:100%}.e-con-inner>.elementor-widget-spacer,.e-con>.elementor-widget-spacer{width:var(--container-widget-width,var(--spacer-size));--align-self:var(--container-widget-align-self,initial);--flex-shrink:0}.e-con-inner>.elementor-widget-spacer>.elementor-widget-container,.e-con>.elementor-widget-spacer>.elementor-widget-container{height:100%;width:100%}.e-con-inner>.elementor-widget-spacer>.elementor-widget-container>.elementor-spacer,.e-con>.elementor-widget-spacer>.elementor-widget-container>.elementor-spacer{height:100%}.e-con-inner>.elementor-widget-spacer>.elementor-widget-container>.elementor-spacer>.elementor-spacer-inner,.e-con>.elementor-widget-spacer>.elementor-widget-container>.elementor-spacer>.elementor-spacer-inner{height:var(--container-widget-height,var(--spacer-size))}.e-con-inner>.elementor-widget-spacer.elementor-widget-empty,.e-con>.elementor-widget-spacer.elementor-widget-empty{position:relative;min-height:22px;min-width:22px}.e-con-inner>.elementor-widget-spacer.elementor-widget-empty .elementor-widget-empty-icon,.e-con>.elementor-widget-spacer.elementor-widget-empty .elementor-widget-empty-icon{position:absolute;top:0;bottom:0;left:0;right:0;margin:auto;padding:0;width:22px;height:22px}<\/style>\t\t<div class=\"elementor-spacer\">\n\t\t\t<div class=\"elementor-spacer-inner\"><\/div>\n\t\t<\/div>\n\t\t\t\t<\/div>\n\t\t\t\t<\/div>\n\t\t\t\t\t<\/div>\n\t\t\t\t<\/div>\n\t\t<div class=\"elementor-element elementor-element-63009c0 e-flex e-con-boxed e-con e-parent\" data-id=\"63009c0\" data-element_type=\"container\">\n\t\t\t\t\t<div class=\"e-con-inner\">\n\t\t\t\t<div class=\"elementor-element elementor-element-402787b elementor-widget elementor-widget-text-editor\" data-id=\"402787b\" data-element_type=\"widget\" data-widget_type=\"text-editor.default\">\n\t\t\t\t<div class=\"elementor-widget-container\">\n\t\t\t<style>\/*! elementor - v3.23.0 - 05-08-2024 *\/\n.elementor-widget-text-editor.elementor-drop-cap-view-stacked .elementor-drop-cap{background-color:#69727d;color:#fff}.elementor-widget-text-editor.elementor-drop-cap-view-framed .elementor-drop-cap{color:#69727d;border:3px solid;background-color:transparent}.elementor-widget-text-editor:not(.elementor-drop-cap-view-default) .elementor-drop-cap{margin-top:8px}.elementor-widget-text-editor:not(.elementor-drop-cap-view-default) .elementor-drop-cap-letter{width:1em;height:1em}.elementor-widget-text-editor .elementor-drop-cap{float:left;text-align:center;line-height:1;font-size:50px}.elementor-widget-text-editor .elementor-drop-cap-letter{display:inline-block}<\/style>\t\t\t\t<p style=\"text-align: center;\"><span style=\"text-decoration: underline; color: #eb5959;\"><a style=\"color: #eb5959; text-decoration: underline;\" href=\"https:\/\/bullcotton.com\/en\/\">Volver al inicio<\/a><\/span><\/p>\t\t\t\t\t\t<\/div>\n\t\t\t\t<\/div>\n\t\t\t\t\t<\/div>\n\t\t\t\t<\/div>\n\t\t<div class=\"elementor-element elementor-element-f6cd3e6 e-flex e-con-boxed e-con e-parent\" data-id=\"f6cd3e6\" data-element_type=\"container\">\n\t\t\t\t\t<div class=\"e-con-inner\">\n\t\t\t\t<div class=\"elementor-element elementor-element-49e4997 elementor-widget elementor-widget-text-editor\" data-id=\"49e4997\" data-element_type=\"widget\" data-widget_type=\"text-editor.default\">\n\t\t\t\t<div class=\"elementor-widget-container\">\n\t\t\t\t\t\t\t<div id=\"shopify-section-template--22700075876627__main\" class=\"shopify-section\"><div class=\"m-page-header m-page-header--template-page m:text-center\"><div class=\"container\"><h1 class=\"m-page-header__title\" style=\"text-align: center;\">POL\u00cdTICA DE ENV\u00cdOS<\/h1><\/div><\/div><div class=\"container\"><div class=\"m-page-content rte\"><p style=\"text-align: center;\">Contamos con el m\u00e9todo <strong>REGULAR<\/strong> de entrega para los distritos de Lima Metropolitana y Callao: <b>CONTRAENTREGA\u00a0<\/b><\/p><p style=\"text-align: center;\"><b><\/b>El env\u00edo es<b> <\/b><span style=\"text-decoration: underline;\"><b>Free<\/b><\/span><b> <\/b>para las compras mayores <span style=\"color: #ff0000;\"><strong>a S\/149<\/strong><\/span><b><br \/><\/b><\/p><p><strong>\u00a0<\/strong>A.<strong> Lima Metropolitana y Callao<\/strong><\/p><p>Tarifa:\u00a0<strong>S\/ 10.00<\/strong><\/p><ul><li><span style=\"color: #ff0000;\">Aplica en los siguientes distritos de Lima Metropolitana como:<\/span> Barranco, Cercado de Lima, Chorrillos, Jes\u00fas Mar\u00eda, La Victoria, Lince, Magdalena del Mar, Miraflores, Pueblo Libre, San Borja, San Isidro, San Luis, Santiago de Surco, Bre\u00f1a, Surquillo, San Juan de Miraflores, Villa Maria del Triunfo, Villa El salvador.<\/li><\/ul><p>Tarifa:\u00a0<strong>S\/ 12.00<\/strong><\/p><ul><li><span style=\"color: #ff0000;\">Aplica en los siguientes distritos de Lima Metropolitana y Callao como:<\/span>\u00a0 La Molina, San Miguel,\u00a0 La Perla, Bellavista, La Punta, San Juan de Lurigancho, Comas, Los Olivos, San Martin de Porres, Ate, Carmen de la Legua, Carabayllo, Callao, Santa Anita, Puente Piedra, El Agustino, Rimac, Independencia, Lurin.<\/li><li>Tiempo m\u00e1ximo de entrega:\u00a0<strong>24 horas a 48 horas<\/strong><\/li><li>Horario de reparto:\u00a0<strong>de 9 am a 5 pm<\/strong><\/li><li>De lunes a domingo, excepto feriados<\/li><li>Pedido debe realizarse\u00a0<strong>m\u00e1ximo a las 10 pm<br \/><\/strong><\/li><\/ul><p><strong>\u00a0 \u00a0 \u00a0<\/strong>B.<strong>\u00a0Provincias<\/strong><strong><br \/><\/strong><\/p><ul><li>Tarifa:\u00a0<strong>desde S\/ 12.00 a S\/18.00<\/strong> para todos los Departamentos del Per\u00fa (Costo depender\u00e1 del lugar)<\/li><li>Tiempo de entrega:<ol><li>Zona urbana:\u00a0<strong>de 2 a 5 d\u00edas h\u00e1biles<\/strong><\/li><li>Zona perif\u00e9rica y rural:\u00a0<strong>de 3 a 7 d\u00edas h\u00e1biles<\/strong><\/li><\/ol><\/li><\/ul><\/div><\/div><\/div>\t\t\t\t\t\t<\/div>\n\t\t\t\t<\/div>\n\t\t\t\t\t<\/div>\n\t\t\t\t<\/div>\n\t\t\t\t<\/div>","protected":false},"excerpt":{"rendered":"<p>Volver al inicio POL\u00cdTICA DE ENV\u00cdOS Contamos con el m\u00e9todo REGULAR de entrega para los distritos de Lima Metropolitana y Callao: CONTRAENTREGA\u00a0 El env\u00edo es Gratis para las compras mayores a S\/149 \u00a0A. Lima Metropolitana y Callao Tarifa:\u00a0S\/ 10.00 Aplica en los siguientes distritos de Lima Metropolitana como: Barranco, Cercado de Lima, Chorrillos, Jes\u00fas Mar\u00eda, [&hellip;]<\/p>\n","protected":false},"author":1,"featured_media":0,"parent":0,"menu_order":0,"comment_status":"closed","ping_status":"closed","template":"","meta":{"_uag_custom_page_level_css":"","site-sidebar-layout":"no-sidebar","site-content-layout":"page-builder","ast-site-content-layout":"full-width-container","site-content-style":"default","site-sidebar-style":"default","ast-global-header-display":"","ast-banner-title-visibility":"","ast-main-header-display":"","ast-hfb-above-header-display":"","ast-hfb-below-header-display":"","ast-hfb-mobile-header-display":"","site-post-title":"disabled","ast-breadcrumbs-content":"","ast-featured-img":"disabled","footer-sml-layout":"","theme-transparent-header-meta":"","adv-header-id-meta":"","stick-header-meta":"","header-above-stick-meta":"","header-main-stick-meta":"","header-below-stick-meta":"","astra-migrate-meta-layouts":"set","ast-page-background-enabled":"default","ast-page-background-meta":{"desktop":{"background-color":"","background-image":"","background-repeat":"repeat","background-position":"center center","background-size":"auto","background-attachment":"scroll","background-type":"","background-media":"","overlay-type":"","overlay-color":"","overlay-opacity":"","overlay-gradient":""},"tablet":{"background-color":"","background-image":"","background-repeat":"repeat","background-position":"center center","background-size":"auto","background-attachment":"scroll","background-type":"","background-media":"","overlay-type":"","overlay-color":"","overlay-opacity":"","overlay-gradient":""},"mobile":{"background-color":"","background-image":"","background-repeat":"repeat","background-position":"center center","background-size":"auto","background-attachment":"scroll","background-type":"","background-media":"","overlay-type":"","overlay-color":"","overlay-opacity":"","overlay-gradient":""}},"ast-content-background-meta":{"desktop":{"background-color":"var(--ast-global-color-5)","background-image":"","background-repeat":"repeat","background-position":"center center","background-size":"auto","background-attachment":"scroll","background-type":"","background-media":"","overlay-type":"","overlay-color":"","overlay-opacity":"","overlay-gradient":""},"tablet":{"background-color":"var(--ast-global-color-5)","background-image":"","background-repeat":"repeat","background-position":"center center","background-size":"auto","background-attachment":"scroll","background-type":"","background-media":"","overlay-type":"","overlay-color":"","overlay-opacity":"","overlay-gradient":""},"mobile":{"background-color":"var(--ast-global-color-5)","background-image":"","background-repeat":"repeat","background-position":"center center","background-size":"auto","background-attachment":"scroll","background-type":"","background-media":"","overlay-type":"","overlay-color":"","overlay-opacity":"","overlay-gradient":""}},"_joinchat":[],"footnotes":""},"class_list":["post-31153","page","type-page","status-publish","hentry"],"uagb_featured_image_src":{"full":false,"thumbnail":false,"medium":false,"medium_large":false,"large":false,"1536x1536":false,"2048x2048":false,"trp-custom-language-flag":false,"mailpoet_newsletter_max":false,"woocommerce_thumbnail":false,"woocommerce_single":false,"woocommerce_gallery_thumbnail":false,"dgwt-wcas-product-suggestion":false},"uagb_author_info":{"display_name":"admin","author_link":"https:\/\/bullcotton.com\/en\/author\/admin\/"},"uagb_comment_info":0,"uagb_excerpt":"Volver al inicio POL\u00cdTICA DE ENV\u00cdOS Contamos con el m\u00e9todo REGULAR de entrega para los distritos de Lima Metropolitana y Callao: CONTRAENTREGA\u00a0 El env\u00edo es Gratis para las compras mayores a S\/149 \u00a0A. Lima Metropolitana y Callao Tarifa:\u00a0S\/ 10.00 Aplica en los siguientes distritos de Lima Metropolitana como: Barranco, Cercado de Lima, Chorrillos, Jes\u00fas Mar\u00eda,&hellip;","_links":{"self":[{"href":"https:\/\/bullcotton.com\/en\/wp-json\/wp\/v2\/pages\/31153","targetHints":{"allow":["GET"]}}],"collection":[{"href":"https:\/\/bullcotton.com\/en\/wp-json\/wp\/v2\/pages"}],"about":[{"href":"https:\/\/bullcotton.com\/en\/wp-json\/wp\/v2\/types\/page"}],"author":[{"embeddable":true,"href":"https:\/\/bullcotton.com\/en\/wp-json\/wp\/v2\/users\/1"}],"replies":[{"embeddable":true,"href":"https:\/\/bullcotton.com\/en\/wp-json\/wp\/v2\/comments?post=31153"}],"version-history":[{"count":58,"href":"https:\/\/bullcotton.com\/en\/wp-json\/wp\/v2\/pages\/31153\/revisions"}],"predecessor-version":[{"id":31701,"href":"https:\/\/bullcotton.com\/en\/wp-json\/wp\/v2\/pages\/31153\/revisions\/31701"}],"wp:attachment":[{"href":"https:\/\/bullcotton.com\/en\/wp-json\/wp\/v2\/media?parent=31153"}],"curies":[{"name":"wp","href":"https:\/\/api.w.org\/{rel}","templated":true}]}}