{"id":29357,"date":"2024-09-13T23:35:52","date_gmt":"2024-09-13T21:35:52","guid":{"rendered":"https:\/\/bullcotton.com\/?post_type=product&#038;p=29357"},"modified":"2025-04-26T23:19:54","modified_gmt":"2025-04-26T21:19:54","slug":"polo-cuello-camisero-hombre","status":"publish","type":"product","link":"https:\/\/bullcotton.com\/en\/tienda\/polo-cuello-camisero-hombre\/","title":{"rendered":"Men's collarless shirt"},"content":{"rendered":"<p>Polo Cuello Camisero de var\u00f3n elaborado en algod\u00f3n pique Lacoste de exportaci\u00f3n, 100% algod\u00f3n.<\/p>","protected":false},"excerpt":{"rendered":"<p>Polo Cuello Camisero de var\u00f3n elaborado en algod\u00f3n pique Lacoste de exportaci\u00f3n, 100% algod\u00f3n.<\/p>","protected":false},"featured_media":29343,"comment_status":"closed","ping_status":"closed","template":"","meta":{"_uag_custom_page_level_css":"","site-sidebar-layout":"default","site-content-layout":"","ast-site-content-layout":"default","site-content-style":"default","site-sidebar-style":"default","ast-global-header-display":"","ast-banner-title-visibility":"","ast-main-header-display":"","ast-hfb-above-header-display":"","ast-hfb-below-header-display":"","ast-hfb-mobile-header-display":"","site-post-title":"","ast-breadcrumbs-content":"","ast-featured-img":"","footer-sml-layout":"","theme-transparent-header-meta":"default","adv-header-id-meta":"","stick-header-meta":"","header-above-stick-meta":"","header-main-stick-meta":"","header-below-stick-meta":"","astra-migrate-meta-layouts":"set","ast-page-background-enabled":"default","ast-page-background-meta":{"desktop":{"background-color":"","background-image":"","background-repeat":"repeat","background-position":"center center","background-size":"auto","background-attachment":"scroll","background-type":"","background-media":"","overlay-type":"","overlay-color":"","overlay-opacity":"","overlay-gradient":""},"tablet":{"background-color":"","background-image":"","background-repeat":"repeat","background-position":"center center","background-size":"auto","background-attachment":"scroll","background-type":"","background-media":"","overlay-type":"","overlay-color":"","overlay-opacity":"","overlay-gradient":""},"mobile":{"background-color":"","background-image":"","background-repeat":"repeat","background-position":"center center","background-size":"auto","background-attachment":"scroll","background-type":"","background-media":"","overlay-type":"","overlay-color":"","overlay-opacity":"","overlay-gradient":""}},"ast-content-background-meta":{"desktop":{"background-color":"var(--ast-global-color-5)","background-image":"","background-repeat":"repeat","background-position":"center center","background-size":"auto","background-attachment":"scroll","background-type":"","background-media":"","overlay-type":"","overlay-color":"","overlay-opacity":"","overlay-gradient":""},"tablet":{"background-color":"var(--ast-global-color-5)","background-image":"","background-repeat":"repeat","background-position":"center center","background-size":"auto","background-attachment":"scroll","background-type":"","background-media":"","overlay-type":"","overlay-color":"","overlay-opacity":"","overlay-gradient":""},"mobile":{"background-color":"var(--ast-global-color-5)","background-image":"","background-repeat":"repeat","background-position":"center center","background-size":"auto","background-attachment":"scroll","background-type":"","background-media":"","overlay-type":"","overlay-color":"","overlay-opacity":"","overlay-gradient":""}},"_joinchat":[]},"product_brand":[],"product_cat":[104],"product_tag":[],"class_list":{"0":"post-29357","1":"product","2":"type-product","3":"status-publish","4":"has-post-thumbnail","6":"product_cat-camiseros","7":"desktop-align-center","8":"tablet-align-center","9":"mobile-align-center","11":"first","12":"instock","13":"sale","14":"shipping-taxable","15":"purchasable","16":"product-type-variable"},"uagb_featured_image_src":{"full":["https:\/\/bullcotton.com\/wp-content\/uploads\/2024\/09\/Camisero-Azul.webp",1500,1500,false],"thumbnail":["https:\/\/bullcotton.com\/wp-content\/uploads\/2024\/09\/Camisero-Azul-150x150.webp",150,150,true],"medium":["https:\/\/bullcotton.com\/wp-content\/uploads\/2024\/09\/Camisero-Azul-300x300.webp",300,300,true],"medium_large":["https:\/\/bullcotton.com\/wp-content\/uploads\/2024\/09\/Camisero-Azul-768x768.webp",768,768,true],"large":["https:\/\/bullcotton.com\/wp-content\/uploads\/2024\/09\/Camisero-Azul-800x800.webp",800,800,true],"1536x1536":["https:\/\/bullcotton.com\/wp-content\/uploads\/2024\/09\/Camisero-Azul.webp",1500,1500,false],"2048x2048":["https:\/\/bullcotton.com\/wp-content\/uploads\/2024\/09\/Camisero-Azul.webp",1500,1500,false],"trp-custom-language-flag":["https:\/\/bullcotton.com\/wp-content\/uploads\/2024\/09\/Camisero-Azul.webp",12,12,false],"mailpoet_newsletter_max":["https:\/\/bullcotton.com\/wp-content\/uploads\/2024\/09\/Camisero-Azul-1320x1320.webp",1320,1320,true],"woocommerce_thumbnail":["https:\/\/bullcotton.com\/wp-content\/uploads\/2024\/09\/Camisero-Azul-430x430.webp",430,430,true],"woocommerce_single":["https:\/\/bullcotton.com\/wp-content\/uploads\/2024\/09\/Camisero-Azul-1000x1000.webp",1000,1000,true],"woocommerce_gallery_thumbnail":["https:\/\/bullcotton.com\/wp-content\/uploads\/2024\/09\/Camisero-Azul-100x100.webp",100,100,true],"dgwt-wcas-product-suggestion":["https:\/\/bullcotton.com\/wp-content\/uploads\/2024\/09\/Camisero-Azul-64x64.webp",64,64,true]},"uagb_author_info":{"display_name":"admin","author_link":"https:\/\/bullcotton.com\/en\/author\/"},"uagb_comment_info":0,"uagb_excerpt":"Polo Cuello Camisero de var\u00f3n elaborado en algod\u00f3n pique Lacoste de exportaci\u00f3n, 100% algod\u00f3n.","_links":{"self":[{"href":"https:\/\/bullcotton.com\/en\/wp-json\/wp\/v2\/product\/29357","targetHints":{"allow":["GET"]}}],"collection":[{"href":"https:\/\/bullcotton.com\/en\/wp-json\/wp\/v2\/product"}],"about":[{"href":"https:\/\/bullcotton.com\/en\/wp-json\/wp\/v2\/types\/product"}],"replies":[{"embeddable":true,"href":"https:\/\/bullcotton.com\/en\/wp-json\/wp\/v2\/comments?post=29357"}],"version-history":[{"count":2,"href":"https:\/\/bullcotton.com\/en\/wp-json\/wp\/v2\/product\/29357\/revisions"}],"predecessor-version":[{"id":32435,"href":"https:\/\/bullcotton.com\/en\/wp-json\/wp\/v2\/product\/29357\/revisions\/32435"}],"wp:featuredmedia":[{"embeddable":true,"href":"https:\/\/bullcotton.com\/en\/wp-json\/wp\/v2\/media\/29343"}],"wp:attachment":[{"href":"https:\/\/bullcotton.com\/en\/wp-json\/wp\/v2\/media?parent=29357"}],"wp:term":[{"taxonomy":"product_brand","embeddable":true,"href":"https:\/\/bullcotton.com\/en\/wp-json\/wp\/v2\/product_brand?post=29357"},{"taxonomy":"product_cat","embeddable":true,"href":"https:\/\/bullcotton.com\/en\/wp-json\/wp\/v2\/product_cat?post=29357"},{"taxonomy":"product_tag","embeddable":true,"href":"https:\/\/bullcotton.com\/en\/wp-json\/wp\/v2\/product_tag?post=29357"}],"curies":[{"name":"wp","href":"https:\/\/api.w.org\/{rel}","templated":true}]}}