{"id":31476,"date":"2024-09-23T06:58:33","date_gmt":"2024-09-23T04:58:33","guid":{"rendered":"https:\/\/bullcotton.com\/?post_type=product&#038;p=31476"},"modified":"2024-09-23T07:09:54","modified_gmt":"2024-09-23T05:09:54","slug":"codera-elastica-de-compresion-deportiva","status":"publish","type":"product","link":"https:\/\/bullcotton.com\/en\/tienda\/codera-elastica-de-compresion-deportiva\/","title":{"rendered":"Codera El\u00e1stica de Compresi\u00f3n Deportiva &#8211; Unidad"},"content":{"rendered":"","protected":false},"excerpt":{"rendered":"<p>Codera el\u00e1stica de compresi\u00f3n deportiva para Gym por unidad.<\/p>\n<p>&#8211; Material transpirable y durable con costuras reforzadas<br \/>\n-Composici\u00f3n: Nylon y neopreno<br \/>\n-Talla: \u00danica<\/p>","protected":false},"featured_media":31479,"comment_status":"open","ping_status":"closed","template":"elementor_theme","meta":{"_uag_custom_page_level_css":"","site-sidebar-layout":"no-sidebar","site-content-layout":"page-builder","ast-site-content-layout":"normal-width-container","site-content-style":"unboxed","site-sidebar-style":"unboxed","ast-global-header-display":"","ast-banner-title-visibility":"","ast-main-header-display":"","ast-hfb-above-header-display":"","ast-hfb-below-header-display":"","ast-hfb-mobile-header-display":"","site-post-title":"disabled","ast-breadcrumbs-content":"","ast-featured-img":"disabled","footer-sml-layout":"","theme-transparent-header-meta":"default","adv-header-id-meta":"","stick-header-meta":"","header-above-stick-meta":"","header-main-stick-meta":"","header-below-stick-meta":"","astra-migrate-meta-layouts":"set","ast-page-background-enabled":"default","ast-page-background-meta":{"desktop":{"background-color":"","background-image":"","background-repeat":"repeat","background-position":"center center","background-size":"auto","background-attachment":"scroll","background-type":"","background-media":"","overlay-type":"","overlay-color":"","overlay-opacity":"","overlay-gradient":""},"tablet":{"background-color":"","background-image":"","background-repeat":"repeat","background-position":"center center","background-size":"auto","background-attachment":"scroll","background-type":"","background-media":"","overlay-type":"","overlay-color":"","overlay-opacity":"","overlay-gradient":""},"mobile":{"background-color":"","background-image":"","background-repeat":"repeat","background-position":"center center","background-size":"auto","background-attachment":"scroll","background-type":"","background-media":"","overlay-type":"","overlay-color":"","overlay-opacity":"","overlay-gradient":""}},"ast-content-background-meta":{"desktop":{"background-color":"var(--ast-global-color-5)","background-image":"","background-repeat":"repeat","background-position":"center center","background-size":"auto","background-attachment":"scroll","background-type":"","background-media":"","overlay-type":"","overlay-color":"","overlay-opacity":"","overlay-gradient":""},"tablet":{"background-color":"var(--ast-global-color-5)","background-image":"","background-repeat":"repeat","background-position":"center center","background-size":"auto","background-attachment":"scroll","background-type":"","background-media":"","overlay-type":"","overlay-color":"","overlay-opacity":"","overlay-gradient":""},"mobile":{"background-color":"var(--ast-global-color-5)","background-image":"","background-repeat":"repeat","background-position":"center center","background-size":"auto","background-attachment":"scroll","background-type":"","background-media":"","overlay-type":"","overlay-color":"","overlay-opacity":"","overlay-gradient":""}},"_joinchat":[]},"product_brand":[],"product_cat":[135],"product_tag":[],"class_list":{"0":"post-31476","1":"product","2":"type-product","3":"status-publish","4":"has-post-thumbnail","6":"product_cat-gym","7":"desktop-align-center","8":"tablet-align-center","9":"mobile-align-center","11":"first","12":"instock","13":"sale","14":"shipping-taxable","15":"purchasable","16":"product-type-simple"},"uagb_featured_image_src":{"full":["https:\/\/bullcotton.com\/wp-content\/uploads\/2024\/09\/Codera-Elastica-De-Compresion-Deportiva-Gym.webp",800,800,false],"thumbnail":["https:\/\/bullcotton.com\/wp-content\/uploads\/2024\/09\/Codera-Elastica-De-Compresion-Deportiva-Gym-150x150.webp",150,150,true],"medium":["https:\/\/bullcotton.com\/wp-content\/uploads\/2024\/09\/Codera-Elastica-De-Compresion-Deportiva-Gym-300x300.webp",300,300,true],"medium_large":["https:\/\/bullcotton.com\/wp-content\/uploads\/2024\/09\/Codera-Elastica-De-Compresion-Deportiva-Gym-768x768.webp",768,768,true],"large":["https:\/\/bullcotton.com\/wp-content\/uploads\/2024\/09\/Codera-Elastica-De-Compresion-Deportiva-Gym.webp",800,800,false],"1536x1536":["https:\/\/bullcotton.com\/wp-content\/uploads\/2024\/09\/Codera-Elastica-De-Compresion-Deportiva-Gym.webp",800,800,false],"2048x2048":["https:\/\/bullcotton.com\/wp-content\/uploads\/2024\/09\/Codera-Elastica-De-Compresion-Deportiva-Gym.webp",800,800,false],"trp-custom-language-flag":["https:\/\/bullcotton.com\/wp-content\/uploads\/2024\/09\/Codera-Elastica-De-Compresion-Deportiva-Gym.webp",12,12,false],"mailpoet_newsletter_max":["https:\/\/bullcotton.com\/wp-content\/uploads\/2024\/09\/Codera-Elastica-De-Compresion-Deportiva-Gym.webp",800,800,false],"woocommerce_thumbnail":["https:\/\/bullcotton.com\/wp-content\/uploads\/2024\/09\/Codera-Elastica-De-Compresion-Deportiva-Gym-430x430.webp",430,430,true],"woocommerce_single":["https:\/\/bullcotton.com\/wp-content\/uploads\/2024\/09\/Codera-Elastica-De-Compresion-Deportiva-Gym.webp",800,800,false],"woocommerce_gallery_thumbnail":["https:\/\/bullcotton.com\/wp-content\/uploads\/2024\/09\/Codera-Elastica-De-Compresion-Deportiva-Gym-100x100.webp",100,100,true],"dgwt-wcas-product-suggestion":["https:\/\/bullcotton.com\/wp-content\/uploads\/2024\/09\/Codera-Elastica-De-Compresion-Deportiva-Gym-64x64.webp",64,64,true]},"uagb_author_info":{"display_name":"admin","author_link":"https:\/\/bullcotton.com\/en\/author\/"},"uagb_comment_info":0,"uagb_excerpt":"Codera el\u00e1stica de compresi\u00f3n deportiva para Gym por unidad. - Material transpirable y durable con costuras reforzadas -Composici\u00f3n: Nylon y neopreno -Talla: \u00danica","_links":{"self":[{"href":"https:\/\/bullcotton.com\/en\/wp-json\/wp\/v2\/product\/31476","targetHints":{"allow":["GET"]}}],"collection":[{"href":"https:\/\/bullcotton.com\/en\/wp-json\/wp\/v2\/product"}],"about":[{"href":"https:\/\/bullcotton.com\/en\/wp-json\/wp\/v2\/types\/product"}],"replies":[{"embeddable":true,"href":"https:\/\/bullcotton.com\/en\/wp-json\/wp\/v2\/comments?post=31476"}],"version-history":[{"count":5,"href":"https:\/\/bullcotton.com\/en\/wp-json\/wp\/v2\/product\/31476\/revisions"}],"predecessor-version":[{"id":31493,"href":"https:\/\/bullcotton.com\/en\/wp-json\/wp\/v2\/product\/31476\/revisions\/31493"}],"wp:featuredmedia":[{"embeddable":true,"href":"https:\/\/bullcotton.com\/en\/wp-json\/wp\/v2\/media\/31479"}],"wp:attachment":[{"href":"https:\/\/bullcotton.com\/en\/wp-json\/wp\/v2\/media?parent=31476"}],"wp:term":[{"taxonomy":"product_brand","embeddable":true,"href":"https:\/\/bullcotton.com\/en\/wp-json\/wp\/v2\/product_brand?post=31476"},{"taxonomy":"product_cat","embeddable":true,"href":"https:\/\/bullcotton.com\/en\/wp-json\/wp\/v2\/product_cat?post=31476"},{"taxonomy":"product_tag","embeddable":true,"href":"https:\/\/bullcotton.com\/en\/wp-json\/wp\/v2\/product_tag?post=31476"}],"curies":[{"name":"wp","href":"https:\/\/api.w.org\/{rel}","templated":true}]}}